{"id":3556,"date":"2020-09-26T15:45:58","date_gmt":"2020-09-26T15:45:58","guid":{"rendered":"https:\/\/gpsites.co\/stream\/?page_id=3556"},"modified":"2024-06-02T11:08:43","modified_gmt":"2024-06-02T11:08:43","slug":"home","status":"publish","type":"page","link":"https:\/\/www.fernandocerro.com\/","title":{"rendered":"Home"},"content":{"rendered":"<div class=\"gb-container gb-container-6988789f\">\n<div class=\"gb-container gb-container-bca60a1f\">\n<div class=\"gb-container gb-container-db513ba3\">\n<div class=\"gb-container gb-container-ac97102c\">\n<div class=\"gb-container gb-container-e7d900f5\">\n<div class=\"gb-container gb-container-7581e29c\">\n\n<h1 class=\"gb-headline gb-headline-7fb735cd gb-headline-text\">\u00a1Hola, soy Fernando Cerro! <\/h1>\n\n\n<div class=\"gb-container gb-container-28c6f6cb\">\n\n<p class=\"has-base-3-color has-text-color has-link-color has-medium-font-size wp-elements-f63078016f4df7d4cc7728284bc92aa1\">Y quiero <mark style=\"background-color:rgba(0, 0, 0, 0)\" class=\"has-inline-color has-accent-2-color\">ayudarte a crear y escalar tu negocio<\/mark> de forma pr\u00e1ctica y entretenida con los consejos y herramientas que me hubiera gustado tener cuando empec\u00e9 a emprender<\/p>\n\n<\/div>\n\n\n<a class=\"gb-button gb-button-9a09795b\" href=\"https:\/\/gpsites.co\/stream\/episodes\/\"><span class=\"gb-button-text\">CONOCE M\u00c1S SOBRE M\u00cd<\/span><span class=\"gb-icon\"><svg xmlns=\"http:\/\/www.w3.org\/2000\/svg\" viewBox=\"0 0 100 100\"><path d=\"M0 98.55V1.45C0 .92.26.48.64.22s.87-.31 1.32-.08L50.7 24.62 99.44 49.1c.38.19.56.54.56.9s-.18.71-.55.89L50.71 75.38 1.96 99.86c-.46.23-.95.17-1.32-.08S0 99.08 0 98.55zM13.74 22.1v55.8l27.77-13.95L69.28 50 41.51 36.05 13.74 22.1z\"><\/path><\/svg><\/span><\/a>\n\n<\/div>\n<\/div>\n<\/div>\n<\/div>\n<\/div>\n<\/div>\n\n<div class=\"gb-container gb-container-3d5d5356\">\n<div class=\"gb-container gb-container-ed07c45b\">\n\n<h2 class=\"gb-headline gb-headline-8147db57 gb-headline-text\">No te pierdas mis nuevos videos<\/h2>\n\n\n\n<p class=\"gb-headline gb-headline-9d3feac6 gb-headline-text\">Suscr\u00edbete a mi canal de Youtube para estar al tanto de todas las novedades sobre marketing y emprendimiento<\/p>\n\n<\/div>\n\n<div class=\"gb-container gb-container-0a224e83\">\n\n<a class=\"gb-button gb-button-1e338516\" href=\"https:\/\/gpsites.co\/stream\/episodes\/\"><span class=\"gb-button-text\">IR AL CANAL DE YOUTUBE<\/span><span class=\"gb-icon\"><svg xmlns=\"http:\/\/www.w3.org\/2000\/svg\" viewBox=\"0 0 100 100\"><path d=\"M0 98.55V1.45C0 .92.26.48.64.22s.87-.31 1.32-.08L50.7 24.62 99.44 49.1c.38.19.56.54.56.9s-.18.71-.55.89L50.71 75.38 1.96 99.86c-.46.23-.95.17-1.32-.08S0 99.08 0 98.55zM13.74 22.1v55.8l27.77-13.95L69.28 50 41.51 36.05 13.74 22.1z\"><\/path><\/svg><\/span><\/a>\n\n<\/div>\n<\/div>\n\n<div class=\"gb-container gb-container-2992f866\">\n<div class=\"gb-container gb-container-13f057d3\">\n\n<h3 class=\"gb-headline gb-headline-df16c429\"><span class=\"gb-icon\"><svg xmlns=\"http:\/\/www.w3.org\/2000\/svg\" viewBox=\"0 0 68.98 38.88\"><path d=\"M15.51 38.88H0L22.45 0h15.51zM46.53 38.88H31.02L53.47 0h15.51z\"><\/path><\/svg><\/span><span class=\"gb-headline-text\">\u00daltimos V\u00cdDEOS<\/span><\/h3>\n\n\n\n<div class=\"gb-grid-wrapper gb-grid-wrapper-dbd4ff48 gb-query-loop-wrapper\">\n<div class=\"gb-grid-column gb-grid-column-309ed9f9 gb-query-loop-item post-1 post type-post status-publish format-standard hentry category-uncategorized\"><div class=\"gb-container gb-container-309ed9f9\">\n\n\n<h3 class=\"gb-headline gb-headline-ee96e7ae gb-headline-text\"><a href=\"https:\/\/www.fernandocerro.com\/index.php\/2024\/02\/25\/hello-world\/\">Hello world!<\/a><\/h3>\n\n<p class=\"gb-headline gb-headline-ac54d5a3 gb-headline-text\"><time class=\"entry-date published\" datetime=\"2024-02-25T16:49:37+00:00\">febrero 25, 2024<\/time><\/p>\n<\/div><\/div>\n\n<div class=\"gb-grid-column gb-grid-column-309ed9f9 gb-query-loop-item post-4128 post type-post status-publish format-standard has-post-thumbnail hentry category-technology\"><div class=\"gb-container gb-container-309ed9f9\">\n<figure class=\"gb-block-image gb-block-image-15d45105\"><img loading=\"lazy\" decoding=\"async\" width=\"800\" height=\"533\" src=\"https:\/\/www.fernandocerro.com\/wp-content\/uploads\/2020\/09\/pexels-nappy-935949.jpg\" class=\"gb-image-15d45105\" alt=\"\" srcset=\"https:\/\/www.fernandocerro.com\/wp-content\/uploads\/2020\/09\/pexels-nappy-935949.jpg 800w, https:\/\/www.fernandocerro.com\/wp-content\/uploads\/2020\/09\/pexels-nappy-935949-300x200.jpg 300w, https:\/\/www.fernandocerro.com\/wp-content\/uploads\/2020\/09\/pexels-nappy-935949-768x512.jpg 768w\" sizes=\"auto, (max-width: 800px) 100vw, 800px\" \/><\/figure>\n\n<h3 class=\"gb-headline gb-headline-ee96e7ae gb-headline-text\"><a href=\"https:\/\/www.fernandocerro.com\/index.php\/2020\/09\/29\/technology-and-great-customer-service\/\">Technology and Great Customer Service<\/a><\/h3>\n\n<p class=\"gb-headline gb-headline-ac54d5a3 gb-headline-text\"><time class=\"entry-date published\" datetime=\"2020-09-29T20:06:09+00:00\">septiembre 29, 2020<\/time><\/p>\n<\/div><\/div>\n<\/div>\n\n<\/div>\n<\/div>\n\n<div class=\"gb-container gb-container-2f6d3f6f\">\n<div class=\"gb-container gb-container-20b12aca\">\n\n<h3 class=\"gb-headline gb-headline-3b72360a\"><span class=\"gb-icon\"><svg viewBox=\"0 0 68.98 38.88\" xmlns=\"http:\/\/www.w3.org\/2000\/svg\"><path d=\"M15.51 38.88H0L22.45 0h15.51zM46.53 38.88H31.02L53.47 0h15.51z\"><\/path><\/svg><\/span><span class=\"gb-headline-text\">\u00daltimos ART\u00cdCULOS<\/span><\/h3>\n\n\n\n<div class=\"gb-grid-wrapper gb-grid-wrapper-7a80c831 gb-query-loop-wrapper\">\n<div class=\"gb-grid-column gb-grid-column-09f4db44 gb-query-loop-item post-1 post type-post status-publish format-standard hentry category-uncategorized\"><div class=\"gb-container gb-container-09f4db44\">\n\n\n<h3 class=\"gb-headline gb-headline-5eadd7d5 gb-headline-text\"><a href=\"https:\/\/www.fernandocerro.com\/index.php\/2024\/02\/25\/hello-world\/\">Hello world!<\/a><\/h3>\n\n<p class=\"gb-headline gb-headline-d51a4613 gb-headline-text\"><time class=\"entry-date published\" datetime=\"2024-02-25T16:49:37+00:00\">febrero 25, 2024<\/time><\/p>\n<\/div><\/div>\n\n<div class=\"gb-grid-column gb-grid-column-09f4db44 gb-query-loop-item post-4128 post type-post status-publish format-standard has-post-thumbnail hentry category-technology\"><div class=\"gb-container gb-container-09f4db44\">\n<figure class=\"gb-block-image gb-block-image-b275fb99\"><img loading=\"lazy\" decoding=\"async\" width=\"800\" height=\"533\" src=\"https:\/\/www.fernandocerro.com\/wp-content\/uploads\/2020\/09\/pexels-nappy-935949.jpg\" class=\"gb-image-b275fb99\" alt=\"\" srcset=\"https:\/\/www.fernandocerro.com\/wp-content\/uploads\/2020\/09\/pexels-nappy-935949.jpg 800w, https:\/\/www.fernandocerro.com\/wp-content\/uploads\/2020\/09\/pexels-nappy-935949-300x200.jpg 300w, https:\/\/www.fernandocerro.com\/wp-content\/uploads\/2020\/09\/pexels-nappy-935949-768x512.jpg 768w\" sizes=\"auto, (max-width: 800px) 100vw, 800px\" \/><\/figure>\n\n<h3 class=\"gb-headline gb-headline-5eadd7d5 gb-headline-text\"><a href=\"https:\/\/www.fernandocerro.com\/index.php\/2020\/09\/29\/technology-and-great-customer-service\/\">Technology and Great Customer Service<\/a><\/h3>\n\n<p class=\"gb-headline gb-headline-d51a4613 gb-headline-text\"><time class=\"entry-date published\" datetime=\"2020-09-29T20:06:09+00:00\">septiembre 29, 2020<\/time><\/p>\n<\/div><\/div>\n\n<div class=\"gb-grid-column gb-grid-column-09f4db44 gb-query-loop-item post-4116 post type-post status-publish format-standard has-post-thumbnail hentry category-design\"><div class=\"gb-container gb-container-09f4db44\">\n<figure class=\"gb-block-image gb-block-image-b275fb99\"><img loading=\"lazy\" decoding=\"async\" width=\"800\" height=\"533\" src=\"https:\/\/www.fernandocerro.com\/wp-content\/uploads\/2020\/09\/pexels-anthony-shkraba-4348401.jpg\" class=\"gb-image-b275fb99\" alt=\"\" srcset=\"https:\/\/www.fernandocerro.com\/wp-content\/uploads\/2020\/09\/pexels-anthony-shkraba-4348401.jpg 800w, https:\/\/www.fernandocerro.com\/wp-content\/uploads\/2020\/09\/pexels-anthony-shkraba-4348401-300x200.jpg 300w, https:\/\/www.fernandocerro.com\/wp-content\/uploads\/2020\/09\/pexels-anthony-shkraba-4348401-768x512.jpg 768w\" sizes=\"auto, (max-width: 800px) 100vw, 800px\" \/><\/figure>\n\n<h3 class=\"gb-headline gb-headline-5eadd7d5 gb-headline-text\"><a href=\"https:\/\/www.fernandocerro.com\/index.php\/2020\/09\/29\/the-latest-trends-in-design-and-color\/\">The Latest Trends in Design and Color<\/a><\/h3>\n\n<p class=\"gb-headline gb-headline-d51a4613 gb-headline-text\"><time class=\"entry-date published\" datetime=\"2020-09-29T19:45:35+00:00\">septiembre 29, 2020<\/time><\/p>\n<\/div><\/div>\n<\/div>\n\n<\/div>\n<\/div>\n\n<div class=\"gb-container gb-container-0a5e3652\">\n\n<h4 class=\"gb-headline gb-headline-32365078\"><span class=\"gb-icon\"><svg xmlns=\"http:\/\/www.w3.org\/2000\/svg\" viewBox=\"0 0 40 28\"><path d=\"M30.6 28c-5.2 0-9.4-4.2-9.4-9.4C21.2 8 25.5 1 25.7.7l.5-.7H33l-.6 2C31.9 3.9 31 7.4 31 8.6v.6c2.4.1 4.6 1.1 6.3 2.8 1.7 1.8 2.7 4.1 2.7 6.6 0 5.2-4.2 9.4-9.4 9.4zM27.9 3.1c-1 2-3.6 7.7-3.6 15.5 0 3.4 2.8 6.2 6.2 6.2s6.2-2.8 6.2-6.2-2.7-6.2-6.1-6.2h-.1c-1.4 0-2-.7-2.4-1.3-.4-.7-.4-1.5-.4-2.4 0-1.2.6-3.7 1-5.5l-.8-.1zm2.7 6.1zM9.4 28C4.2 28 0 23.8 0 18.6 0 8 4.3 1 4.5.7l.4-.7h6.8l-.6 2c-.6 1.9-1.4 5.5-1.4 6.6v.6c2.4.1 4.6 1.1 6.3 2.8 1.7 1.8 2.7 4.1 2.7 6.6 0 5.2-4.2 9.4-9.3 9.4zM6.7 3.1c-1 2-3.6 7.7-3.6 15.5 0 3.4 2.8 6.2 6.2 6.2s6.2-2.8 6.2-6.2-2.7-6.2-6.1-6.2c-1.4 0-2-.7-2.4-1.3-.4-.7-.4-1.5-.4-2.4 0-1.2.6-3.7 1-5.5l-.9-.1zm2.7 6.1z\"><\/path><\/svg><\/span><span class=\"gb-headline-text\">COMENTARIOS DE SEGUIDORES<\/span><\/h4>\n\n\n<div class=\"gb-container gb-container-c9c25a47\">\n<div class=\"gb-container gb-container-9bc559d5\">\n\n<figure class=\"wp-block-image size-large is-resized photo-border img is-style-rounded\"><img loading=\"lazy\" decoding=\"async\" width=\"200\" height=\"200\" src=\"https:\/\/gpsites.co\/stream\/wp-content\/uploads\/sites\/77\/test-1.jpg\" alt=\"\" class=\"wp-image-3995\" style=\"width:120px\"\/><\/figure>\n\n\n<div class=\"gb-container gb-container-6fe62358\"><div class=\"gb-inside-container\">\n\n<p class=\"gb-headline gb-headline-dfd9020c gb-headline-text\">I love your podcast and have shared it with all of my friends and colleagues. There&#8217;s valuable insight in every episode to learn from.<\/p>\n\n\n\n<p class=\"gb-headline gb-headline-39afaa8b gb-headline-text\"><em>\u2013 Mar\u00eda, de<\/em><\/p>\n\n<\/div><\/div>\n<\/div>\n\n<div class=\"gb-container gb-container-fd01cd09\">\n\n<figure class=\"wp-block-image size-full is-resized photo-border img is-style-rounded\"><img loading=\"lazy\" decoding=\"async\" width=\"200\" height=\"200\" src=\"https:\/\/gpsites.co\/stream\/wp-content\/uploads\/sites\/77\/test-2.jpg\" alt=\"\" class=\"wp-image-4020\" style=\"width:120px;height:120px\"\/><\/figure>\n\n\n<div class=\"gb-container gb-container-f3f032ea\"><div class=\"gb-inside-container\">\n\n<p class=\"gb-headline gb-headline-98fdfda9 gb-headline-text\">I&#8217;ve followed Stream for over two years and have successfully implemented a ton of your advice into my own business. Thank you!<\/p>\n\n\n\n<p class=\"gb-headline gb-headline-5002c1d1 gb-headline-text\"><em><em>\u2013 Pepito Gonzalez<\/em><\/em><\/p>\n\n<\/div><\/div>\n<\/div>\n<\/div>\n<\/div>\n\n<div class=\"gb-container gb-container-401547f4\">\n<div class=\"gb-container gb-container-2c714224\">\n\n<h3 class=\"gb-headline gb-headline-b1976434 gb-headline-text\">Interested in becoming a podcast sponsor?<\/h3>\n\n\n\n<p class=\"gb-headline gb-headline-b5f1e5ed gb-headline-text\">Put your business in front of 20,000 subscribers by sponsoring an episode.<\/p>\n\n<\/div>\n\n\n<a class=\"gb-button gb-button-db17148c button\" href=\"https:\/\/gpsites.co\/stream\/contact\/\"><span class=\"gb-button-text\">Sponsorship<\/span><span class=\"gb-icon\"><svg viewBox=\"0 0 100 100\" xmlns=\"http:\/\/www.w3.org\/2000\/svg\"><path d=\"M0 98.55V1.45C0 .92.26.48.64.22s.87-.31 1.32-.08L50.7 24.62 99.44 49.1c.38.19.56.54.56.9s-.18.71-.55.89L50.71 75.38 1.96 99.86c-.46.23-.95.17-1.32-.08S0 99.08 0 98.55zM13.74 22.1v55.8l27.77-13.95L69.28 50 41.51 36.05 13.74 22.1z\"><\/path><\/svg><\/span><\/a>\n\n<\/div>","protected":false},"excerpt":{"rendered":"<p>\u00a1Hola, soy Fernando Cerro! Y quiero ayudarte a crear y escalar tu negocio de forma pr\u00e1ctica y entretenida con los consejos y herramientas que me hubiera gustado tener cuando empec\u00e9 a emprender No te pierdas mis nuevos videos Suscr\u00edbete a mi canal de Youtube para estar al tanto de todas las novedades sobre marketing y &#8230; <a title=\"Home\" class=\"read-more\" href=\"https:\/\/www.fernandocerro.com\/\" aria-label=\"Leer m\u00e1s sobre Home\">Leer m\u00e1s<\/a><\/p>\n","protected":false},"author":1,"featured_media":0,"parent":0,"menu_order":0,"comment_status":"closed","ping_status":"closed","template":"","meta":{"footnotes":""},"class_list":["post-3556","page","type-page","status-publish"],"_links":{"self":[{"href":"https:\/\/www.fernandocerro.com\/index.php\/wp-json\/wp\/v2\/pages\/3556","targetHints":{"allow":["GET"]}}],"collection":[{"href":"https:\/\/www.fernandocerro.com\/index.php\/wp-json\/wp\/v2\/pages"}],"about":[{"href":"https:\/\/www.fernandocerro.com\/index.php\/wp-json\/wp\/v2\/types\/page"}],"author":[{"embeddable":true,"href":"https:\/\/www.fernandocerro.com\/index.php\/wp-json\/wp\/v2\/users\/1"}],"replies":[{"embeddable":true,"href":"https:\/\/www.fernandocerro.com\/index.php\/wp-json\/wp\/v2\/comments?post=3556"}],"version-history":[{"count":42,"href":"https:\/\/www.fernandocerro.com\/index.php\/wp-json\/wp\/v2\/pages\/3556\/revisions"}],"predecessor-version":[{"id":5058,"href":"https:\/\/www.fernandocerro.com\/index.php\/wp-json\/wp\/v2\/pages\/3556\/revisions\/5058"}],"wp:attachment":[{"href":"https:\/\/www.fernandocerro.com\/index.php\/wp-json\/wp\/v2\/media?parent=3556"}],"curies":[{"name":"wp","href":"https:\/\/api.w.org\/{rel}","templated":true}]}}